{"id":2,"date":"2018-09-13T22:37:50","date_gmt":"2018-09-13T22:37:50","guid":{"rendered":"http:\/\/www.ideasdeexito.com\/findecole\/?page_id=2"},"modified":"2019-11-18T17:28:08","modified_gmt":"2019-11-18T17:28:08","slug":"about","status":"publish","type":"page","link":"http:\/\/www.ideasdeexito.com\/findecole\/about\/","title":{"rendered":"Sobre el Autor"},"content":{"rendered":"<p><span style=\"font-size: 11.0pt; font-family: 'Arial','sans-serif';\">Raphael Omar Casta\u00f1eda Jaramillo, nace en el Cusco en abril de 1968, hijo de Don Helio Casta\u00f1eda Campana y do\u00f1a Gladys Jaramillo de Casta\u00f1eda; estudi\u00f3 la primaria en el colegio salesianos del Cusco hasta 4to grado y de all\u00ed pas\u00f3 al colegio Juan Espinoza Medrano de la ciudad de Andahuaylas, donde termin\u00f3 su educaci\u00f3n primaria.<\/span><\/p>\n<p><span style=\"font-size: 11.0pt; font-family: 'Arial','sans-serif';\">Inici\u00f3 sus estudios secundarios en el colegio nacional Manco II de la ciudad de Quillabamba<br \/>\nTermin\u00f3 la secundaria en el colegio \u201cSan Jos\u00e9 de la Salle\u201d del Cusco.<br \/>\nLuego de estudiar dos a\u00f1os de arquitectura se fue a estudiar a la universidad cat\u00f3lica la carrera de Ingenier\u00eda y termin\u00f3 ingenier\u00eda de sistemas empresariales en la universidad \u201cCient\u00edfica del Sur\u201d.<\/span><\/p>\n<p><span style=\"font-size: 11.0pt; font-family: 'Arial','sans-serif';\"><br \/>\nTermin\u00f3 una maestr\u00eda en ingenier\u00eda industrial con menci\u00f3n en gesti\u00f3n de procesos actividad que realiz\u00f3 en la \u201cPontificia universidad Cat\u00f3lica del Per\u00fa\u201d.<br \/>\nSu carrera profesional la desarroll\u00f3 en su totalidad en \u201cEquifax\u201d del Per\u00fa ocupado diversas posiciones para Per\u00fa y Ecuador a lo largo de los \u00faltimos 18 a\u00f1os hasta julio del a\u00f1o 2018.<\/span><\/p>\n<p><span style=\"font-size: 11.0pt; font-family: 'Arial','sans-serif';\"><br \/>\nCon estas publicaciones Raphael pretende compartir las experiencias de empezar o continuar su labor profesional pero esta vez desde fuera de la organizaci\u00f3n a la que sirvi\u00f3 con tanto cari\u00f1o y dedicaci\u00f3n, con el firme prop\u00f3sito de que los lectores se puedan entretener y divertir con todas las cosas que te pueden ocurrir cuando terminas el colegio y tienes m\u00e1s de 50 a\u00f1os.<\/span><\/p>\n<p><span style=\"font-size: 11.0pt; font-family: 'Arial','sans-serif';\"><br \/>\nBusco tambi\u00e9n, con estas publicaciones, mostrar que las cosas se pueden tomar de distintos modos, a cada uno le corresponde hacer esa elecci\u00f3n. Yo siempre elegir\u00e9 el camino que tenga m\u00e1s alegr\u00eda y felicidad.<\/span><\/p>\n<p><span style=\"font-size: 11.0pt; font-family: 'Arial','sans-serif';\">Raphael Casta\u00f1eda<\/span><\/p>\n","protected":false},"excerpt":{"rendered":"<p>Raphael Omar Casta\u00f1eda Jaramillo, nace en el Cusco en abril de 1968, hijo de Don Helio Casta\u00f1eda Campana y do\u00f1a Gladys Jaramillo de Casta\u00f1eda; estudi\u00f3 la primaria en el colegio salesianos del Cusco hasta 4to grado y de all\u00ed pas\u00f3 al colegio Juan Espinoza Medrano de la ciudad de Andahuaylas, [&hellip;]<\/p>\n","protected":false},"author":1,"featured_media":0,"parent":0,"menu_order":0,"comment_status":"closed","ping_status":"open","template":"","meta":[],"_links":{"self":[{"href":"http:\/\/www.ideasdeexito.com\/findecole\/wp-json\/wp\/v2\/pages\/2"}],"collection":[{"href":"http:\/\/www.ideasdeexito.com\/findecole\/wp-json\/wp\/v2\/pages"}],"about":[{"href":"http:\/\/www.ideasdeexito.com\/findecole\/wp-json\/wp\/v2\/types\/page"}],"author":[{"embeddable":true,"href":"http:\/\/www.ideasdeexito.com\/findecole\/wp-json\/wp\/v2\/users\/1"}],"replies":[{"embeddable":true,"href":"http:\/\/www.ideasdeexito.com\/findecole\/wp-json\/wp\/v2\/comments?post=2"}],"version-history":[{"count":2,"href":"http:\/\/www.ideasdeexito.com\/findecole\/wp-json\/wp\/v2\/pages\/2\/revisions"}],"predecessor-version":[{"id":40,"href":"http:\/\/www.ideasdeexito.com\/findecole\/wp-json\/wp\/v2\/pages\/2\/revisions\/40"}],"wp:attachment":[{"href":"http:\/\/www.ideasdeexito.com\/findecole\/wp-json\/wp\/v2\/media?parent=2"}],"curies":[{"name":"wp","href":"https:\/\/api.w.org\/{rel}","templated":true}]}}