{"id":2,"date":"2018-09-12T00:11:53","date_gmt":"2018-09-12T00:11:53","guid":{"rendered":"http:\/\/www.ideasdeexito.com\/raffocastaneda\/?page_id=2"},"modified":"2019-06-13T19:01:22","modified_gmt":"2019-06-13T19:01:22","slug":"about","status":"publish","type":"page","link":"http:\/\/www.ideasdeexito.com\/raffocastaneda\/about\/","title":{"rendered":"Sobre Raffo Casta\u00f1eda"},"content":{"rendered":"<p><a href=\"http:\/\/www.ideasdeexito.com\/raffocastaneda\/wp-content\/uploads\/2018\/09\/Cabecera01.jpg\"><img loading=\"lazy\" class=\"size-medium wp-image-12 alignleft\" src=\"http:\/\/www.ideasdeexito.com\/raffocastaneda\/wp-content\/uploads\/2018\/09\/Cabecera01-300x200.jpg\" alt=\"\" width=\"300\" height=\"200\" srcset=\"http:\/\/www.ideasdeexito.com\/raffocastaneda\/wp-content\/uploads\/2018\/09\/Cabecera01-300x200.jpg 300w, http:\/\/www.ideasdeexito.com\/raffocastaneda\/wp-content\/uploads\/2018\/09\/Cabecera01-768x512.jpg 768w, http:\/\/www.ideasdeexito.com\/raffocastaneda\/wp-content\/uploads\/2018\/09\/Cabecera01-1024x683.jpg 1024w, http:\/\/www.ideasdeexito.com\/raffocastaneda\/wp-content\/uploads\/2018\/09\/Cabecera01.jpg 2048w\" sizes=\"(max-width: 300px) 100vw, 300px\" \/><\/a>Mi inici\u00e9 en la m\u00fasica como a los 8 a\u00f1os cuando mi pap\u00e1 le regal\u00f3 a mi hermana una guitarra por navidad. Eran probablemente finales de la d\u00e9cada de los 70 porque la guitarra era de un color rojo casi fosforescente,, y varios matices de naranja y negro&#8230;muy al estilo de Woodstock Ese instrumento despert\u00f3 la atenci\u00f3n inmediata de mi hermano mayor y por su puesto la m\u00eda y por turnos trat\u00e1bamos de arrancarle algunas melod\u00edas a esa madera sin mucha suerte. Luego empec\u00e9 la secundar\u00eda y un sin n\u00famero de aventuras y por su puesto la m\u00fasica en forma paralela las canciones de la iglesia y de retiros carism\u00e1ticos se mezclaban con temas de Mick Jagger, Pink Floyd, Kiss, y de manera curiosa con melod\u00edas populares y armon\u00edas tradicionales del folclore de Quillabamba, ciudad en la que estudi\u00e9 hasta tercero de media. Luego me fui a estudiar al Cusco, all\u00ed la guitarra era fiel compa\u00f1era en cada actuaci\u00f3n por el d\u00eda de la madre o del padre y representaba una excelente oportunidad para subirme a los escenarios y participar en cuanta funci\u00f3n se pudiese en el colegio. Era tambi\u00e9n una \u00e9poca en la que las fogatas y campamentos empezaban a despertar nuestra atenci\u00f3n y por su puesto dado que me sabia todas las canciones de fogatas, pues era digamos un invitado fijo. Posteriormente en la universidad del Cusco, conoc\u00ed la m\u00fasica de Silvio Rodriguez, Pablo Milan\u00e9s, Le\u00f3n Gieco, La nueva Trova y el Cicla.. Hacia mediados de los 80 y por su puesto a Sui Generis, grupo que no pod\u00eda faltar en la lista de casettes \u201cpirata\u201d que todo universitario deb\u00eda tener. Y claro est\u00e1 todo el rock de esa d\u00e9cada inolvidable, Enanitos verdes, Soda Stereo, Rio, Virus, Los Prisioneros, canciones que nunca faltaban en cuanta serenata o cumplea\u00f1os se ten\u00eda que celebrar. Por el a\u00f1o 86 decid\u00ed dejar la carrera de arquitectura y viajar a Lima a estudiar, y con el secreto bichito en la cabeza de poder desarrollarme un poco m\u00e1s en la m\u00fasica, tal vez con la posibilidad de conocer a alg\u00fan amigo y formar un grupo; qu\u00e9 s\u00e9 Yo hab\u00eda que intentar. Ingres\u00e9 a la Universidad Cat\u00f3lica a la facultad de Ingenier\u00eda y con el nivel de exigencia de esa universidad, era imposible dedicarse a la m\u00fasica, m\u00e1s a\u00fan ni siquiera pensar en hacerlo de manera profesional, en esas \u00e9pocas, pretender ser m\u00fasico era sin\u00f3nimo de querer ser vago, borracho, mujeriego y drogadicto&#8230;ten\u00eda 18 a\u00f1os y hab\u00eda que pensar en un futuro diferente. De manera que la m\u00fasica se fue postergando a un lindo hobbie de mucho valor al momento de amenizar reuniones, cumplea\u00f1os o las consabidas guitarreadas. Con la aparici\u00f3n de los Karaokes; vinieron algunos concursos que por all\u00ed se fueron dando y digamos uno pod\u00eda ser la estrella por un par de horas o lo que durase la noche&#8230; En ese entonces el timbre de Jos\u00e9 Jos\u00e9, o Joan Manuel Serrat empezaban a llamar mi atenci\u00f3n y bueno los aplausos en los karaokes eran un lindo premio que siempre supe disfrutar.. Luego llegaron canciones como: \u201cMujeres\u201d y \u201cQuien Dir\u00eda\u201d de Arjona, \u201cBailar Pegados\u201d de Sergio Dalma, \u201cBandido\u201d de Alberto Plaza, variedad de timbres estilos e int\u00e9rpretes que exig\u00edan un poco mas de dedicaci\u00f3n t\u00e9cnica y por su puesto agradables horas de ensayo&#8230; Peque\u00f1os grupos de amigos, y algunos intentos de formar bandas con amigos de la juventud fueron tal vez los momentos que permit\u00edan seguir acariciando ese deseo de hacer m\u00fasica totalmente libre de presiones y para el disfrute de uno mismo. En algunas ocasiones, de cuando en cuando asomaba de manera t\u00edmida una que otra composici\u00f3n personal, y luego era guardada nuevamente en el olvido y el tiempo segu\u00eda su camino&#8230; Es por el a\u00f1o 2007 en el que empiezo a tener un contacto m\u00e1s cercano con amigos de un entorno musical profesional. Empiezo a participar en eventos de cantantes aficionados y sobre todo a conocer las m\u00faltiples oportunidades que se presentaban ahora, internet, Youtube, Myspace y hoy por hoy Facebook, permit\u00edan acercarse mucho m\u00e1s a la gente y por su puesto conocer muchas personas que compart\u00edan la misma afici\u00f3n que uno.. Y sobre todo ya no era tan dif\u00edcil, Claro ahora ya ten\u00eda un trabajo y la posibilidad de financiar mejor estas aventurillas as\u00ed que adelante&#8230; Particip\u00e9 en un par de eventos en la Estaci\u00f3n de Barranco y el Satchmo de Miraflores, se pude decir que debut\u00e9 a los 40 a\u00f1os,,, (ja ja ja musicalmente hablando claro) y luego pude conocer a los extraordinarios hermanos Cornejo; Manuel y Sa\u00fal de los \u201cWe all Togheter\u201d, y tambi\u00e9n a Miguel Yance compositor y sensacional productor musical. Con la productora con la que trabajaba en esa \u00e9poca pude grabar un primer CD de Covers \u00abAcomp\u00e1\u00f1ame\u00bb; el a\u00f1o 2008, que permit\u00eda plasmar el sue\u00f1o de dejar algo para cuando ya no se pueda&#8230; y no solamente decir \u00bfsabes? antes cantaba&#8230; ahora era posible dejar algo m\u00e1s que el recuerdo&#8230; y grabamos 12 lindos temas que est\u00e1n por all\u00ed con canciones de muchas \u00e9pocas y vivencias&#8230; Luego se convers\u00f3 la posibilidad de dar vida a los temas de autor\u00eda propia e in\u00e9dita\u2026 eso abr\u00eda un nuevo horizonte&#8230;y luego de algunas malas experiencias por las que siempre hay que pasar, el a\u00f1o 2009 empezamos junto con Miguel Yance en MCA studios la grabaci\u00f3n de este proyecto titulado \u201cL\u00e1grima de Sol\u201d. M\u00e1s de a\u00f1o y medio de trabajo duro alternado con mis estudios de maestr\u00eda en Ingenier\u00eda Industrial en la Universidad Cat\u00f3lica y un nuevo proyecto relacionado a la m\u00fasica: Formar mi propia productora de eventos y espect\u00e1culos \u201cVoz y Canto Producciones\u201d&#8230; He terminado la maestr\u00eda, estoy haciendo mi tesis, he terminado la grabaci\u00f3n de mi primer CD con canciones in\u00e9ditas, estoy haciendo las portadas, y estoy terminado el dise\u00f1o de los procesos que me permitan llevar la productora de eventos al siguiente nivel. Ya hicimos algunos eventos masivos e individuales, pero busco poder conducir y sobre todo dar el apoyo a tanta gente que comparte los mismos sue\u00f1os musicales que yo. Mucho talento que requiere una oportunidad para mostrarse y sobre todo divertirse haciendo esto que ha representado para m\u00ed una forma de vida. Creo que no viv\u00ed de la m\u00fasica, por el contrario por la m\u00fasica he vivido y quiero continuar de esta manera.<a href=\"http:\/\/www.ideasdeexito.com\/raffocastaneda\/wp-content\/uploads\/2018\/09\/Cabecera03.jpg\"><img loading=\"lazy\" class=\"size-medium wp-image-14 alignright\" src=\"http:\/\/www.ideasdeexito.com\/raffocastaneda\/wp-content\/uploads\/2018\/09\/Cabecera03-300x200.jpg\" alt=\"\" width=\"300\" height=\"200\" srcset=\"http:\/\/www.ideasdeexito.com\/raffocastaneda\/wp-content\/uploads\/2018\/09\/Cabecera03-300x200.jpg 300w, http:\/\/www.ideasdeexito.com\/raffocastaneda\/wp-content\/uploads\/2018\/09\/Cabecera03-768x512.jpg 768w, http:\/\/www.ideasdeexito.com\/raffocastaneda\/wp-content\/uploads\/2018\/09\/Cabecera03-1024x683.jpg 1024w, http:\/\/www.ideasdeexito.com\/raffocastaneda\/wp-content\/uploads\/2018\/09\/Cabecera03.jpg 1944w\" sizes=\"(max-width: 300px) 100vw, 300px\" \/><\/a> Creo firmemente en los sue\u00f1os y en que es cuesti\u00f3n de ponerle ganas y las cosas simplemente caer\u00e1n por su propio peso. He descubierto muchos amigos y me he doblado y multiplicado por mil con el apoyo de los amigos de siempre: Dios, su grandeza infinita, la familia y los extraordinarios amigos que siempre han estado de nuestro lado. Se trata de disfrutar y aprovechar cada nueva oportunidad que la vida nos regala, y hacerlo siempre con alegr\u00eda y una sonrisa. Hay mucho camino todav\u00eda por recorrer, y s\u00e9 que en ese largo trecho estar\u00e1 siempre all\u00ed, la m\u00fasica, mi fiel amiga e inseparable compa\u00f1era.<\/p>\n<p>Raffo Casta\u00f1eda<\/p>\n","protected":false},"excerpt":{"rendered":"<p>Mi inici\u00e9 en la m\u00fasica como a los 8 a\u00f1os cuando mi pap\u00e1 le regal\u00f3 a mi hermana una guitarra por navidad. Eran probablemente finales de la d\u00e9cada de los<\/p>\n<p class=\"more-link\"><a href=\"http:\/\/www.ideasdeexito.com\/raffocastaneda\/about\/\" class=\"readmore\">Seguir leyendo<span class=\"screen-reader-text\">Sobre Raffo Casta\u00f1eda<\/span><\/a><\/p>\n","protected":false},"author":1,"featured_media":0,"parent":0,"menu_order":0,"comment_status":"open","ping_status":"open","template":"","meta":[],"_links":{"self":[{"href":"http:\/\/www.ideasdeexito.com\/raffocastaneda\/wp-json\/wp\/v2\/pages\/2"}],"collection":[{"href":"http:\/\/www.ideasdeexito.com\/raffocastaneda\/wp-json\/wp\/v2\/pages"}],"about":[{"href":"http:\/\/www.ideasdeexito.com\/raffocastaneda\/wp-json\/wp\/v2\/types\/page"}],"author":[{"embeddable":true,"href":"http:\/\/www.ideasdeexito.com\/raffocastaneda\/wp-json\/wp\/v2\/users\/1"}],"replies":[{"embeddable":true,"href":"http:\/\/www.ideasdeexito.com\/raffocastaneda\/wp-json\/wp\/v2\/comments?post=2"}],"version-history":[{"count":5,"href":"http:\/\/www.ideasdeexito.com\/raffocastaneda\/wp-json\/wp\/v2\/pages\/2\/revisions"}],"predecessor-version":[{"id":7,"href":"http:\/\/www.ideasdeexito.com\/raffocastaneda\/wp-json\/wp\/v2\/pages\/2\/revisions\/7"}],"wp:attachment":[{"href":"http:\/\/www.ideasdeexito.com\/raffocastaneda\/wp-json\/wp\/v2\/media?parent=2"}],"curies":[{"name":"wp","href":"https:\/\/api.w.org\/{rel}","templated":true}]}}