{"id":183,"date":"2019-10-10T05:30:42","date_gmt":"2019-10-10T05:30:42","guid":{"rendered":"http:\/\/www.ideasdeexito.com\/vivencias\/?page_id=183"},"modified":"2020-03-12T12:43:40","modified_gmt":"2020-03-12T17:43:40","slug":"casa-los-cedros-de-villa-chorrillos","status":"publish","type":"page","link":"http:\/\/www.ideasdeexito.com\/vivencias\/casa-los-cedros-de-villa-chorrillos\/","title":{"rendered":"Casa Los Cedros de Villa Chorrillos."},"content":{"rendered":"\n<h5>DESCRIPCI\u00d3N:<\/h5>\n\n\n\n<p>Esta casa est\u00e1 ubicada en la urbanizaci\u00f3n Los Cedros de Villa en Chorrillos Lima, en una zona residencial, tranquila y c\u00e9ntrica frente al parque numero 7, lo  que te permitir\u00e1 descansar con comodidad  y disfrutar de la comodidades de la urbanizaci\u00f3n y centros comerciales cercanos. Lima Plaza  Sur, Plaza Vea y tiendas semejantes.<\/p>\n\n\n\n<h5>CARACTER\u00cdSTICAS PRINCIPALES:<\/h5>\n\n\n\n<p>La casa tiene dos pisos, tres dormitorios, una sala de estar, sala &#8211; comedor, cocina, comedor de diario, estudio \/ oficina, dos ba\u00f1os, dos cocheras, jard\u00edn interior, piscina y \u00e1rea de descanso y recreaci\u00f3n (parrilla \/ lectura).<\/p>\n\n\n\n<p>Cuenta con accesos totalmente independiente<\/p>\n\n\n\n<h2>Fachada:<\/h2>\n\n\n\n<p>La ubicaci\u00f3n permite disfrutar de colores,  mucho brillo y alegr\u00eda, desliza las fotos en la galer\u00eda inferior para poder apreciar mayores detalles:<\/p>\n\n\n\n<h2>Dormitorio Principal:<\/h2>\n\n\n\n<p>Tu descanso no se ver\u00e1 interrumpido y ser\u00e1 placentero en los amplios e iluminados dormitorios de este departamento. Las ventanas te proporcionar\u00e1n luz natural. Desliza las fotos en la galer\u00eda inferior para poder apreciar mayores detalles:<\/p>\n\n\n\n<h2>Segundo Dormitorio:<\/h2>\n\n\n\n<p>Tu descanso no se ver\u00e1 interrumpido y ser\u00e1 placentero en los amplios e iluminados dormitorios de este departamento. Las ventanas te proporcionar\u00e1n luz natural. Desliza las fotos en la galer\u00eda inferior para poder apreciar mayores detalles:<\/p>\n\n\n\n<h2>Tercer Dormitorio:<\/h2>\n\n\n\n<p>Tu descanso no se ver\u00e1 interrumpido y ser\u00e1 placentero en los amplios e iluminados dormitorios de este departamento. Las ventanas te proporcionar\u00e1n luz natural. Desliza las fotos en la galer\u00eda inferior para poder apreciar mayores detalles:<\/p>\n\n\n\n<h2>Sala &#8211; Comedor:<\/h2>\n\n\n\n<p>Tu descanso no se ver\u00e1 interrumpido y ser\u00e1 placentero en los amplios e iluminados dormitorios de este departamento. Las ventanas te proporcionar\u00e1n luz natural. Desliza las fotos en la galer\u00eda inferior para poder apreciar mayores detalles:<\/p>\n\n\n<h2>Cocina:<\/h2>\n<p><!-- \/wp:heading --> <!-- wp:paragraph --><\/p>\n<p>Tu descanso no se ver\u00e1 interrumpido y ser\u00e1 placentero en los amplios e iluminados dormitorios de este departamento. Las ventanas te proporcionar\u00e1n luz natural. Desliza las fotos en la galer\u00eda inferior para poder apreciar mayores detalles:<\/p>\n<p><!-- \/wp:paragraph --><!-- wp:heading --><\/p>\n<p>\u00a0<\/p>\n<h2>Jard\u00edn Interior:<\/h2>\n<p><!-- \/wp:heading --> <!-- wp:paragraph --><\/p>\n<p>Tu descanso no se ver\u00e1 interrumpido y ser\u00e1 placentero en los amplios e iluminados dormitorios de este departamento. Las ventanas te proporcionar\u00e1n luz natural. Desliza las fotos en la galer\u00eda inferior para poder apreciar mayores detalles:<\/p>\n<p><!-- \/wp:paragraph --><!-- wp:heading --><\/p>\n<p>\u00a0<\/p>\n<h2>Zona de Parrillas y Piscina:<\/h2>\n<p><!-- \/wp:heading --> <!-- wp:paragraph --><\/p>\n<p>Tu descanso no se ver\u00e1 interrumpido y ser\u00e1 placentero en los amplios e iluminados dormitorios de este departamento. Las ventanas te proporcionar\u00e1n luz natural. Desliza las fotos en la galer\u00eda inferior para poder apreciar mayores detalles:<\/p>\n<p><!-- wp:heading --><\/p>\n<p>\u00a0<\/p>\n<p><!-- \/wp:paragraph --><\/p>\n<p><!--EndFragment--><\/p>\n<p><!--EndFragment--><\/p>\n<p><!--EndFragment--><\/p>","protected":false},"excerpt":{"rendered":"<p>DESCRIPCI\u00d3N: Esta casa est\u00e1 ubicada en la urbanizaci\u00f3n Los Cedros de Villa en Chorrillos Lima, en una zona residencial, tranquila y c\u00e9ntrica frente al parque numero 7, lo que te permitir\u00e1 descansar con comodidad y disfrutar de la comodidades de la urbanizaci\u00f3n y centros comerciales cercanos. Lima Plaza Sur, Plaza Vea y tiendas semejantes. CARACTER\u00cdSTICAS &#8230; <a title=\"Casa Los Cedros de Villa Chorrillos.\" class=\"read-more\" href=\"http:\/\/www.ideasdeexito.com\/vivencias\/casa-los-cedros-de-villa-chorrillos\/\" aria-label=\"M\u00e1s en Casa Los Cedros de Villa Chorrillos.\">Leer m\u00e1s<\/a><\/p>\n","protected":false},"author":1,"featured_media":0,"parent":0,"menu_order":0,"comment_status":"closed","ping_status":"closed","template":"","meta":[],"_links":{"self":[{"href":"http:\/\/www.ideasdeexito.com\/vivencias\/wp-json\/wp\/v2\/pages\/183"}],"collection":[{"href":"http:\/\/www.ideasdeexito.com\/vivencias\/wp-json\/wp\/v2\/pages"}],"about":[{"href":"http:\/\/www.ideasdeexito.com\/vivencias\/wp-json\/wp\/v2\/types\/page"}],"author":[{"embeddable":true,"href":"http:\/\/www.ideasdeexito.com\/vivencias\/wp-json\/wp\/v2\/users\/1"}],"replies":[{"embeddable":true,"href":"http:\/\/www.ideasdeexito.com\/vivencias\/wp-json\/wp\/v2\/comments?post=183"}],"version-history":[{"count":4,"href":"http:\/\/www.ideasdeexito.com\/vivencias\/wp-json\/wp\/v2\/pages\/183\/revisions"}],"predecessor-version":[{"id":921,"href":"http:\/\/www.ideasdeexito.com\/vivencias\/wp-json\/wp\/v2\/pages\/183\/revisions\/921"}],"wp:attachment":[{"href":"http:\/\/www.ideasdeexito.com\/vivencias\/wp-json\/wp\/v2\/media?parent=183"}],"curies":[{"name":"wp","href":"https:\/\/api.w.org\/{rel}","templated":true}]}}