{"id":2,"date":"2018-09-26T09:08:02","date_gmt":"2018-09-26T09:08:02","guid":{"rendered":"http:\/\/www.ideasdeexito.com\/vivencias\/?page_id=2"},"modified":"2020-03-01T02:57:14","modified_gmt":"2020-03-01T02:57:14","slug":"about","status":"publish","type":"page","link":"http:\/\/www.ideasdeexito.com\/vivencias\/about\/","title":{"rendered":"Nosotros."},"content":{"rendered":"<p>Somos un grupo de personas asociadas a Ideas de \u00c9xito, que contamos con departamentos y viviendas para alquilar por temporadas en diversos lugares del Per\u00fa, de manera que la preocupaci\u00f3n por conseguir un lugar d\u00f3nde alojarte pasa ahora a segundo plano.<\/p>\n<p>Tenemos espacios en diferentes zonas acogedoras del Per\u00fa, consulta con nosotros para ver la disponibilidad y poder ofrecerte el servicio que requieres.<\/p>\n<p>Revisa nuestras alternativas de alojamiento en Lima, Arequipa, Caman\u00e1 y Cusco y pronto nuevas ciudades.<\/p>\n<p>Solicita informaci\u00f3n en los comentarios de esta misma p\u00e1gina o escr\u00edbenos a <a href=\"mailto:vivencias@ideasdeexito.com\">vivencias@ideasdeexito.com<\/a> nos complacer\u00e1 atenderte.<\/p>\n<p>Vivencias.<\/p>\n<p>Gratas experiencias esperando por ti&#8230;<\/p>\n","protected":false},"excerpt":{"rendered":"<p>Somos un grupo de personas asociadas a Ideas de \u00c9xito, que contamos con departamentos y viviendas para alquilar por temporadas en diversos lugares del Per\u00fa, de manera que la preocupaci\u00f3n por conseguir un lugar d\u00f3nde alojarte pasa ahora a segundo plano. Tenemos espacios en diferentes zonas acogedoras del Per\u00fa, consulta con nosotros para ver la &#8230; <a title=\"Nosotros.\" class=\"read-more\" href=\"http:\/\/www.ideasdeexito.com\/vivencias\/about\/\" aria-label=\"M\u00e1s en Nosotros.\">Leer m\u00e1s<\/a><\/p>\n","protected":false},"author":1,"featured_media":0,"parent":0,"menu_order":0,"comment_status":"closed","ping_status":"open","template":"","meta":[],"_links":{"self":[{"href":"http:\/\/www.ideasdeexito.com\/vivencias\/wp-json\/wp\/v2\/pages\/2"}],"collection":[{"href":"http:\/\/www.ideasdeexito.com\/vivencias\/wp-json\/wp\/v2\/pages"}],"about":[{"href":"http:\/\/www.ideasdeexito.com\/vivencias\/wp-json\/wp\/v2\/types\/page"}],"author":[{"embeddable":true,"href":"http:\/\/www.ideasdeexito.com\/vivencias\/wp-json\/wp\/v2\/users\/1"}],"replies":[{"embeddable":true,"href":"http:\/\/www.ideasdeexito.com\/vivencias\/wp-json\/wp\/v2\/comments?post=2"}],"version-history":[{"count":7,"href":"http:\/\/www.ideasdeexito.com\/vivencias\/wp-json\/wp\/v2\/pages\/2\/revisions"}],"predecessor-version":[{"id":914,"href":"http:\/\/www.ideasdeexito.com\/vivencias\/wp-json\/wp\/v2\/pages\/2\/revisions\/914"}],"wp:attachment":[{"href":"http:\/\/www.ideasdeexito.com\/vivencias\/wp-json\/wp\/v2\/media?parent=2"}],"curies":[{"name":"wp","href":"https:\/\/api.w.org\/{rel}","templated":true}]}}