{"id":11,"date":"2018-09-27T21:36:30","date_gmt":"2018-09-27T21:36:30","guid":{"rendered":"http:\/\/www.ideasdeexito.com\/vozycanto\/?page_id=11"},"modified":"2018-10-10T03:32:16","modified_gmt":"2018-10-10T03:32:16","slug":"academia","status":"publish","type":"page","link":"http:\/\/www.ideasdeexito.com\/vozycanto\/academia\/","title":{"rendered":"Academia"},"content":{"rendered":"<p>La academia de Voz &amp; Canto Producciones, nace con el firme prop\u00f3sito de ense\u00f1arte las t\u00e9cnicas que permitan llevar tu afici\u00f3n al canto hacia un pr\u00f3ximo nivel.<\/p>\n<p><a href=\"http:\/\/www.ideasdeexito.com\/vozycanto\/wp-content\/uploads\/2018\/09\/vozycanto06.jpg\"><img loading=\"lazy\" class=\"size-medium wp-image-23 alignleft\" src=\"http:\/\/www.ideasdeexito.com\/vozycanto\/wp-content\/uploads\/2018\/09\/vozycanto06-300x225.jpg\" alt=\"\" width=\"300\" height=\"225\" srcset=\"http:\/\/www.ideasdeexito.com\/vozycanto\/wp-content\/uploads\/2018\/09\/vozycanto06-300x225.jpg 300w, http:\/\/www.ideasdeexito.com\/vozycanto\/wp-content\/uploads\/2018\/09\/vozycanto06-768x576.jpg 768w, http:\/\/www.ideasdeexito.com\/vozycanto\/wp-content\/uploads\/2018\/09\/vozycanto06-1024x768.jpg 1024w, http:\/\/www.ideasdeexito.com\/vozycanto\/wp-content\/uploads\/2018\/09\/vozycanto06-960x720.jpg 960w, http:\/\/www.ideasdeexito.com\/vozycanto\/wp-content\/uploads\/2018\/09\/vozycanto06-640x480.jpg 640w, http:\/\/www.ideasdeexito.com\/vozycanto\/wp-content\/uploads\/2018\/09\/vozycanto06.jpg 2048w\" sizes=\"(max-width: 300px) 100vw, 300px\" \/><\/a>Trabajaremos paso a paso en tu t\u00e9cnica y estilo, para que al final del taller puedas grabar tus temas favoritos en un estudio profesional.<\/p>\n<p>Con nuestros profesores especializados sumados a la dedicaci\u00f3n que pondr\u00e1s de tu parte podremos lograr el prop\u00f3sito de que disfrutes la m\u00fasica a total plenitud.<\/p>\n<p>Te esperamos!.<a href=\"http:\/\/www.ideasdeexito.com\/vozycanto\/wp-content\/uploads\/2018\/09\/vozycanto05.jpg\"><img loading=\"lazy\" class=\"size-medium wp-image-22 alignright\" src=\"http:\/\/www.ideasdeexito.com\/vozycanto\/wp-content\/uploads\/2018\/09\/vozycanto05-300x200.jpg\" alt=\"\" width=\"300\" height=\"200\" srcset=\"http:\/\/www.ideasdeexito.com\/vozycanto\/wp-content\/uploads\/2018\/09\/vozycanto05-300x200.jpg 300w, http:\/\/www.ideasdeexito.com\/vozycanto\/wp-content\/uploads\/2018\/09\/vozycanto05.jpg 720w\" sizes=\"(max-width: 300px) 100vw, 300px\" \/><\/a><\/p>\n<p>Atr\u00e9vete a brillar como una estrella&#8230;<\/p>\n<p>&nbsp;<\/p>\n","protected":false},"excerpt":{"rendered":"<p>La academia de Voz &amp; Canto Producciones, nace con el firme prop\u00f3sito de ense\u00f1arte las t\u00e9cnicas que permitan llevar tu afici\u00f3n al canto hacia un pr\u00f3ximo nivel. Trabajaremos paso a paso en tu t\u00e9cnica y estilo, para que al final del taller puedas grabar tus temas favoritos en un estudio profesional. Con nuestros profesores especializados &hellip; <\/p>\n","protected":false},"author":1,"featured_media":0,"parent":0,"menu_order":0,"comment_status":"closed","ping_status":"closed","template":"","meta":[],"_links":{"self":[{"href":"http:\/\/www.ideasdeexito.com\/vozycanto\/wp-json\/wp\/v2\/pages\/11"}],"collection":[{"href":"http:\/\/www.ideasdeexito.com\/vozycanto\/wp-json\/wp\/v2\/pages"}],"about":[{"href":"http:\/\/www.ideasdeexito.com\/vozycanto\/wp-json\/wp\/v2\/types\/page"}],"author":[{"embeddable":true,"href":"http:\/\/www.ideasdeexito.com\/vozycanto\/wp-json\/wp\/v2\/users\/1"}],"replies":[{"embeddable":true,"href":"http:\/\/www.ideasdeexito.com\/vozycanto\/wp-json\/wp\/v2\/comments?post=11"}],"version-history":[{"count":4,"href":"http:\/\/www.ideasdeexito.com\/vozycanto\/wp-json\/wp\/v2\/pages\/11\/revisions"}],"predecessor-version":[{"id":46,"href":"http:\/\/www.ideasdeexito.com\/vozycanto\/wp-json\/wp\/v2\/pages\/11\/revisions\/46"}],"wp:attachment":[{"href":"http:\/\/www.ideasdeexito.com\/vozycanto\/wp-json\/wp\/v2\/media?parent=11"}],"curies":[{"name":"wp","href":"https:\/\/api.w.org\/{rel}","templated":true}]}}