{"id":2,"date":"2018-09-12T01:13:53","date_gmt":"2018-09-12T01:13:53","guid":{"rendered":"http:\/\/www.ideasdeexito.com\/vozycanto\/?page_id=2"},"modified":"2018-09-27T22:47:33","modified_gmt":"2018-09-27T22:47:33","slug":"nosotros","status":"publish","type":"page","link":"http:\/\/www.ideasdeexito.com\/vozycanto\/nosotros\/","title":{"rendered":"Nosotros"},"content":{"rendered":"<h2 style=\"text-align: center;\"><strong>Voz &amp; Canto Producciones<\/strong><\/h2>\n<p><a style=\"color: #fb3a64; outline: 0px;\" href=\"http:\/\/www.ideasdeexito.com\/vozycanto\/wp-content\/uploads\/2018\/09\/vozycanto04.jpg\"><img loading=\"lazy\" class=\"size-medium wp-image-21 alignleft\" src=\"http:\/\/www.ideasdeexito.com\/vozycanto\/wp-content\/uploads\/2018\/09\/vozycanto04-300x225.jpg\" alt=\"\" width=\"300\" height=\"225\" srcset=\"http:\/\/www.ideasdeexito.com\/vozycanto\/wp-content\/uploads\/2018\/09\/vozycanto04-300x225.jpg 300w, http:\/\/www.ideasdeexito.com\/vozycanto\/wp-content\/uploads\/2018\/09\/vozycanto04-768x576.jpg 768w, http:\/\/www.ideasdeexito.com\/vozycanto\/wp-content\/uploads\/2018\/09\/vozycanto04-1024x768.jpg 1024w, http:\/\/www.ideasdeexito.com\/vozycanto\/wp-content\/uploads\/2018\/09\/vozycanto04-960x720.jpg 960w, http:\/\/www.ideasdeexito.com\/vozycanto\/wp-content\/uploads\/2018\/09\/vozycanto04-640x480.jpg 640w, http:\/\/www.ideasdeexito.com\/vozycanto\/wp-content\/uploads\/2018\/09\/vozycanto04.jpg 2048w\" sizes=\"(max-width: 300px) 100vw, 300px\" \/><\/a><\/p>\n<p>Somos una empresa especializada en la Producci\u00f3n y Animaci\u00f3n de Eventos musicales, Shows y Espect\u00e1culos Art\u00edsticos, Clases de Canto y Dominio Esc\u00e9nico, Sala de Ensayo y Grabaci\u00f3n, Castings, Grupos Musicales, Representaciones y Servicios Art\u00edsticos en General.<\/p>\n<p>&nbsp;<\/p>\n<p>Estamos a su entera disposici\u00f3n para entregarles la mejor experiencia musical que puedan disfrutar.<\/p>\n<p>Atentamente: El equipo de Voz &amp; Canto Producciones<\/p>\n<p><a href=\"http:\/\/www.ideasdeexito.com\/vozycanto\/wp-content\/uploads\/2018\/09\/vozycanto02.jpg\"><img loading=\"lazy\" class=\"alignnone size-medium wp-image-19\" src=\"http:\/\/www.ideasdeexito.com\/vozycanto\/wp-content\/uploads\/2018\/09\/vozycanto02-300x225.jpg\" alt=\"\" width=\"300\" height=\"225\" srcset=\"http:\/\/www.ideasdeexito.com\/vozycanto\/wp-content\/uploads\/2018\/09\/vozycanto02-300x225.jpg 300w, http:\/\/www.ideasdeexito.com\/vozycanto\/wp-content\/uploads\/2018\/09\/vozycanto02-768x576.jpg 768w, http:\/\/www.ideasdeexito.com\/vozycanto\/wp-content\/uploads\/2018\/09\/vozycanto02-640x480.jpg 640w, http:\/\/www.ideasdeexito.com\/vozycanto\/wp-content\/uploads\/2018\/09\/vozycanto02.jpg 960w\" sizes=\"(max-width: 300px) 100vw, 300px\" \/><\/a><\/p>\n","protected":false},"excerpt":{"rendered":"<p>Voz &amp; Canto Producciones Somos una empresa especializada en la Producci\u00f3n y Animaci\u00f3n de Eventos musicales, Shows y Espect\u00e1culos Art\u00edsticos, Clases de Canto y Dominio Esc\u00e9nico, Sala de Ensayo y Grabaci\u00f3n, Castings, Grupos Musicales, Representaciones y Servicios Art\u00edsticos en General. &nbsp; Estamos a su entera disposici\u00f3n para entregarles la mejor experiencia musical que puedan disfrutar. &hellip; <\/p>\n","protected":false},"author":1,"featured_media":0,"parent":0,"menu_order":0,"comment_status":"open","ping_status":"open","template":"","meta":[],"_links":{"self":[{"href":"http:\/\/www.ideasdeexito.com\/vozycanto\/wp-json\/wp\/v2\/pages\/2"}],"collection":[{"href":"http:\/\/www.ideasdeexito.com\/vozycanto\/wp-json\/wp\/v2\/pages"}],"about":[{"href":"http:\/\/www.ideasdeexito.com\/vozycanto\/wp-json\/wp\/v2\/types\/page"}],"author":[{"embeddable":true,"href":"http:\/\/www.ideasdeexito.com\/vozycanto\/wp-json\/wp\/v2\/users\/1"}],"replies":[{"embeddable":true,"href":"http:\/\/www.ideasdeexito.com\/vozycanto\/wp-json\/wp\/v2\/comments?post=2"}],"version-history":[{"count":3,"href":"http:\/\/www.ideasdeexito.com\/vozycanto\/wp-json\/wp\/v2\/pages\/2\/revisions"}],"predecessor-version":[{"id":26,"href":"http:\/\/www.ideasdeexito.com\/vozycanto\/wp-json\/wp\/v2\/pages\/2\/revisions\/26"}],"wp:attachment":[{"href":"http:\/\/www.ideasdeexito.com\/vozycanto\/wp-json\/wp\/v2\/media?parent=2"}],"curies":[{"name":"wp","href":"https:\/\/api.w.org\/{rel}","templated":true}]}}