{"id":47,"date":"2018-10-10T03:41:10","date_gmt":"2018-10-10T03:41:10","guid":{"rendered":"http:\/\/www.ideasdeexito.com\/vozycanto\/?page_id=47"},"modified":"2018-10-10T03:41:10","modified_gmt":"2018-10-10T03:41:10","slug":"staff","status":"publish","type":"page","link":"http:\/\/www.ideasdeexito.com\/vozycanto\/staff\/","title":{"rendered":"Staff"},"content":{"rendered":"<p>Estos son algunos de nuestros profesores \/ entrenadores \/ Vocal Trainers<\/p>\n<p><strong>Raphael Casta\u00f1eda<\/strong><\/p>\n<p>Conocido art\u00edsticamente como Raffo Casta\u00f1eda. Compositor, Productor y director general de Voz &amp; Canto Producciones.<a href=\"http:\/\/www.ideasdeexito.com\/vozycanto\/wp-content\/uploads\/2018\/09\/vozycanto03.jpg\"><img loading=\"lazy\" class=\"size-medium wp-image-20 alignleft\" src=\"http:\/\/www.ideasdeexito.com\/vozycanto\/wp-content\/uploads\/2018\/09\/vozycanto03-300x225.jpg\" alt=\"\" width=\"300\" height=\"225\" srcset=\"http:\/\/www.ideasdeexito.com\/vozycanto\/wp-content\/uploads\/2018\/09\/vozycanto03-300x225.jpg 300w, http:\/\/www.ideasdeexito.com\/vozycanto\/wp-content\/uploads\/2018\/09\/vozycanto03-768x576.jpg 768w, http:\/\/www.ideasdeexito.com\/vozycanto\/wp-content\/uploads\/2018\/09\/vozycanto03-1024x768.jpg 1024w, http:\/\/www.ideasdeexito.com\/vozycanto\/wp-content\/uploads\/2018\/09\/vozycanto03-960x720.jpg 960w, http:\/\/www.ideasdeexito.com\/vozycanto\/wp-content\/uploads\/2018\/09\/vozycanto03-640x480.jpg 640w, http:\/\/www.ideasdeexito.com\/vozycanto\/wp-content\/uploads\/2018\/09\/vozycanto03.jpg 2048w\" sizes=\"(max-width: 300px) 100vw, 300px\" \/><\/a><\/p>\n<p>Tiene canciones de diversos g\u00e9neros en diversas producciones musicales entre las que destacan &#8220;Alma Gemela&#8221;, &#8220;Am\u00e1ndote como te amo&#8221;, &#8220;Cuando t\u00fa no est\u00e1s&#8221; de su \u00e1lbum &#8220;L\u00e1grima de Sol&#8221;<\/p>\n<p>&nbsp;<\/p>\n","protected":false},"excerpt":{"rendered":"<p>Estos son algunos de nuestros profesores \/ entrenadores \/ Vocal Trainers Raphael Casta\u00f1eda Conocido art\u00edsticamente como Raffo Casta\u00f1eda. Compositor, Productor y director general de Voz &amp; Canto Producciones. Tiene canciones de diversos g\u00e9neros en diversas producciones musicales entre las que destacan &#8220;Alma Gemela&#8221;, &#8220;Am\u00e1ndote como te amo&#8221;, &#8220;Cuando t\u00fa no est\u00e1s&#8221; de su \u00e1lbum &#8220;L\u00e1grima &hellip; <\/p>\n","protected":false},"author":1,"featured_media":0,"parent":0,"menu_order":0,"comment_status":"closed","ping_status":"closed","template":"","meta":[],"_links":{"self":[{"href":"http:\/\/www.ideasdeexito.com\/vozycanto\/wp-json\/wp\/v2\/pages\/47"}],"collection":[{"href":"http:\/\/www.ideasdeexito.com\/vozycanto\/wp-json\/wp\/v2\/pages"}],"about":[{"href":"http:\/\/www.ideasdeexito.com\/vozycanto\/wp-json\/wp\/v2\/types\/page"}],"author":[{"embeddable":true,"href":"http:\/\/www.ideasdeexito.com\/vozycanto\/wp-json\/wp\/v2\/users\/1"}],"replies":[{"embeddable":true,"href":"http:\/\/www.ideasdeexito.com\/vozycanto\/wp-json\/wp\/v2\/comments?post=47"}],"version-history":[{"count":1,"href":"http:\/\/www.ideasdeexito.com\/vozycanto\/wp-json\/wp\/v2\/pages\/47\/revisions"}],"predecessor-version":[{"id":48,"href":"http:\/\/www.ideasdeexito.com\/vozycanto\/wp-json\/wp\/v2\/pages\/47\/revisions\/48"}],"wp:attachment":[{"href":"http:\/\/www.ideasdeexito.com\/vozycanto\/wp-json\/wp\/v2\/media?parent=47"}],"curies":[{"name":"wp","href":"https:\/\/api.w.org\/{rel}","templated":true}]}}